{"id":40,"date":"2025-03-13T11:18:32","date_gmt":"2025-03-13T11:18:32","guid":{"rendered":"https:\/\/hosting1732805979.freekru.pl\/bhplabor\/?page_id=40"},"modified":"2025-03-13T11:33:53","modified_gmt":"2025-03-13T11:33:53","slug":"akta-osobowe","status":"publish","type":"page","link":"https:\/\/hosting1732805979.freekru.pl\/bhplabor\/akta-osobowe\/","title":{"rendered":"AKTA OSOBOWE"},"content":{"rendered":"\n<p><strong>Obs\u0142uga kadr LABOR, zajmuj\u0119 si\u0119 regulacjami w zakresie stosunku pracy pomi\u0119dzy pracodawc\u0105 a pracownikiem, obejmuje przepisy okre\u015blaj\u0105ce prawa i obowi\u0105zki pracownik\u00f3w i pracodawc\u00f3w b\u0119d\u0105cych stronami stosunku pracy min.: powstania i ustania stosunku pracy, obowi\u0105zki i uprawnienia pracownika i pracodawcy, ewidencja czas pracy, ewidencja rejestru godzin pracy urlopy, itp.<\/strong><\/p>\n\n\n\n<p>Akt osobowe pracownika powinny si\u0119 one sk\u0142ada\u0107 z czterech cz\u0119\u015bci:<\/p>\n\n\n\n<ul class=\"wp-block-list\">\n<li>cz\u0119\u015b\u0107 A<\/li>\n\n\n\n<li>cz\u0119\u015b\u0107 B<\/li>\n\n\n\n<li>cz\u0119\u015b\u0107 C<\/li>\n\n\n\n<li>cz\u0119\u015b\u0107 D<\/li>\n<\/ul>\n\n\n\n<p><strong>Dokumentacje pracownicz\u0105 nale\u017cy prowadzi\u0107 i przechowywa\u0107 w formie papierowej lub elektronicznej.<\/strong><\/p>\n\n\n\n<p>Obs\u0142uga kadr LABOR prowadzi i przechowuje Akta osobowe pracownik\u00f3w w siedzibie biura LABOR oraz w siedzibie zak\u0142adu pracy, zapewniaj\u0105cych nale\u017cyt\u0105 ochron\u0119 przed zniszczeniem i kradzie\u017c\u0105.<\/p>\n","protected":false},"excerpt":{"rendered":"<p>Obs\u0142uga kadr LABOR, zajmuj\u0119 si\u0119 regulacjami w zakresie stosunku pracy pomi\u0119dzy pracodawc\u0105 a pracownikiem, obejmuje przepisy okre\u015blaj\u0105ce prawa i obowi\u0105zki pracownik\u00f3w i pracodawc\u00f3w b\u0119d\u0105cych stronami stosunku pracy min.: powstania i ustania stosunku pracy, obowi\u0105zki i uprawnienia pracownika i pracodawcy, ewidencja czas pracy, ewidencja rejestru godzin pracy urlopy, itp. Akt osobowe pracownika powinny si\u0119 one sk\u0142ada\u0107 [&hellip;]<\/p>\n","protected":false},"author":1,"featured_media":0,"parent":0,"menu_order":0,"comment_status":"closed","ping_status":"closed","template":"prawo-pracy","meta":{"footnotes":""},"class_list":["post-40","page","type-page","status-publish","hentry"],"_links":{"self":[{"href":"https:\/\/hosting1732805979.freekru.pl\/bhplabor\/wp-json\/wp\/v2\/pages\/40","targetHints":{"allow":["GET"]}}],"collection":[{"href":"https:\/\/hosting1732805979.freekru.pl\/bhplabor\/wp-json\/wp\/v2\/pages"}],"about":[{"href":"https:\/\/hosting1732805979.freekru.pl\/bhplabor\/wp-json\/wp\/v2\/types\/page"}],"author":[{"embeddable":true,"href":"https:\/\/hosting1732805979.freekru.pl\/bhplabor\/wp-json\/wp\/v2\/users\/1"}],"replies":[{"embeddable":true,"href":"https:\/\/hosting1732805979.freekru.pl\/bhplabor\/wp-json\/wp\/v2\/comments?post=40"}],"version-history":[{"count":2,"href":"https:\/\/hosting1732805979.freekru.pl\/bhplabor\/wp-json\/wp\/v2\/pages\/40\/revisions"}],"predecessor-version":[{"id":103,"href":"https:\/\/hosting1732805979.freekru.pl\/bhplabor\/wp-json\/wp\/v2\/pages\/40\/revisions\/103"}],"wp:attachment":[{"href":"https:\/\/hosting1732805979.freekru.pl\/bhplabor\/wp-json\/wp\/v2\/media?parent=40"}],"curies":[{"name":"wp","href":"https:\/\/api.w.org\/{rel}","templated":true}]}}